{"id":23,"date":"2024-05-12T18:23:57","date_gmt":"2024-05-12T18:23:57","guid":{"rendered":"https:\/\/widmann-jan.web.kslinz.at\/?page_id=23"},"modified":"2024-05-12T18:23:57","modified_gmt":"2024-05-12T18:23:57","slug":"datenschutz","status":"publish","type":"page","link":"https:\/\/widmann-jan.web.kslinz.at\/index.php\/datenschutz\/","title":{"rendered":"Datenschutz"},"content":{"rendered":"\n<hr class=\"wp-block-separator has-alpha-channel-opacity\"\/>\n\n\n\n<hr class=\"wp-block-separator has-alpha-channel-opacity\"\/>\n\n\n\n<p>Diese Datenschutzrichtlinie legt dar, wie personenbezogene Daten auf dieser Website gesammelt, verwendet, verarbeitet und gesch\u00fctzt werden.<\/p>\n\n\n\n<p>Wir sammeln keine personenbezogenen Daten, es sei denn, sie werden freiwillig von den Besuchern dieser Website bereitgestellt. Wir verwenden personenbezogene Daten nur f\u00fcr die angegebenen Zwecke und geben sie nicht ohne Zustimmung der betroffenen Person an Dritte weiter.<\/p>\n\n\n\n<hr class=\"wp-block-separator has-alpha-channel-opacity\"\/>\n\n\n\n<p><strong>Cookies<\/strong><\/p>\n\n\n\n<p>Diese Website verwendet m\u00f6glicherweise Cookies, um die Benutzererfahrung zu verbessern. Cookies sind kleine Dateien, die von einem Webserver auf die Festplatte eines Benutzers \u00fcbertragen werden. Sie erm\u00f6glichen es der Website, Benutzer zu erkennen und ihre Pr\u00e4ferenzen zu speichern. Benutzer k\u00f6nnen Cookies in ihren Browsereinstellungen deaktivieren, wenn sie dies w\u00fcnschen.<\/p>\n\n\n\n<hr class=\"wp-block-separator has-alpha-channel-opacity\"\/>\n\n\n\n<p><strong>Externe Links<\/strong><\/p>\n\n\n\n<p>Diese Website kann Links zu externen Websites enthalten, die nicht von uns betrieben werden. Wir haben keine Kontrolle \u00fcber den Inhalt oder die Datenschutzpraktiken dieser Websites und \u00fcbernehmen keine Verantwortung daf\u00fcr.<\/p>\n\n\n\n<hr class=\"wp-block-separator has-alpha-channel-opacity\"\/>\n\n\n\n<p><strong>\u00c4nderungen an dieser Datenschutzrichtlinie<\/strong><\/p>\n\n\n\n<p>Wir behalten uns das Recht vor, diese Datenschutzrichtlinie jederzeit zu \u00e4ndern. Aktualisierungen werden auf dieser Seite ver\u00f6ffentlicht.<\/p>\n\n\n\n<hr class=\"wp-block-separator has-alpha-channel-opacity\"\/>\n\n\n\n<p><strong>Kontaktieren Sie uns<\/strong><\/p>\n\n\n\n<p>Wenn Sie Fragen zu dieser Datenschutzrichtlinie haben, k\u00f6nnen Sie uns unter [E-Mail-Adresse] kontaktieren.<\/p>\n\n\n\n<hr class=\"wp-block-separator has-alpha-channel-opacity\"\/>\n\n\n\n<p>Bitte beachte, dass dies nur ein Beispiel f\u00fcr Datenschutzrichtlinien ist und m\u00f6glicherweise je nach den spezifischen rechtlichen Anforderungen in deinem Land oder deiner Region angepasst werden muss. Es ist wichtig sicherzustellen, dass deine Datenschutzrichtlinien den geltenden Gesetzen entsprechen. Wenn du unsicher bist, ist es ratsam, rechtliche Beratung einzuholen.<\/p>\n","protected":false},"excerpt":{"rendered":"<p>Diese Datenschutzrichtlinie legt dar, wie personenbezogene Daten auf dieser Website gesammelt, verwendet, verarbeitet und gesch\u00fctzt werden. Wir sammeln keine personenbezogenen Daten, es sei denn, sie werden freiwillig von den Besuchern dieser Website bereitgestellt. Wir verwenden personenbezogene Daten nur f\u00fcr die angegebenen Zwecke und geben sie nicht ohne Zustimmung der betroffenen Person an Dritte weiter. Cookies [&hellip;]<\/p>\n","protected":false},"author":1,"featured_media":0,"parent":0,"menu_order":0,"comment_status":"closed","ping_status":"closed","template":"","meta":{"_uag_custom_page_level_css":"","footnotes":""},"class_list":["post-23","page","type-page","status-publish","hentry"],"uagb_featured_image_src":{"full":false,"thumbnail":false,"medium":false,"medium_large":false,"large":false,"1536x1536":false,"2048x2048":false},"uagb_author_info":{"display_name":"admin","author_link":"https:\/\/widmann-jan.web.kslinz.at\/index.php\/author\/widmann-jan\/"},"uagb_comment_info":0,"uagb_excerpt":"Diese Datenschutzrichtlinie legt dar, wie personenbezogene Daten auf dieser Website gesammelt, verwendet, verarbeitet und gesch\u00fctzt werden. Wir sammeln keine personenbezogenen Daten, es sei denn, sie werden freiwillig von den Besuchern dieser Website bereitgestellt. Wir verwenden personenbezogene Daten nur f\u00fcr die angegebenen Zwecke und geben sie nicht ohne Zustimmung der betroffenen Person an Dritte weiter. Cookies&hellip;","_links":{"self":[{"href":"https:\/\/widmann-jan.web.kslinz.at\/index.php\/wp-json\/wp\/v2\/pages\/23","targetHints":{"allow":["GET"]}}],"collection":[{"href":"https:\/\/widmann-jan.web.kslinz.at\/index.php\/wp-json\/wp\/v2\/pages"}],"about":[{"href":"https:\/\/widmann-jan.web.kslinz.at\/index.php\/wp-json\/wp\/v2\/types\/page"}],"author":[{"embeddable":true,"href":"https:\/\/widmann-jan.web.kslinz.at\/index.php\/wp-json\/wp\/v2\/users\/1"}],"replies":[{"embeddable":true,"href":"https:\/\/widmann-jan.web.kslinz.at\/index.php\/wp-json\/wp\/v2\/comments?post=23"}],"version-history":[{"count":1,"href":"https:\/\/widmann-jan.web.kslinz.at\/index.php\/wp-json\/wp\/v2\/pages\/23\/revisions"}],"predecessor-version":[{"id":27,"href":"https:\/\/widmann-jan.web.kslinz.at\/index.php\/wp-json\/wp\/v2\/pages\/23\/revisions\/27"}],"wp:attachment":[{"href":"https:\/\/widmann-jan.web.kslinz.at\/index.php\/wp-json\/wp\/v2\/media?parent=23"}],"curies":[{"name":"wp","href":"https:\/\/api.w.org\/{rel}","templated":true}]}}